{"id":591,"date":"2022-01-25T22:29:07","date_gmt":"2022-01-25T22:29:07","guid":{"rendered":"http:\/\/mylovecorfu.lt\/?page_id=591"},"modified":"2022-02-03T18:40:02","modified_gmt":"2022-02-03T18:40:02","slug":"renginiai","status":"publish","type":"page","link":"https:\/\/www.mylovecorfu.lt\/index.php\/renginiai\/","title":{"rendered":"Renginiai"},"content":{"rendered":"\t\t<div data-elementor-type=\"wp-page\" data-elementor-id=\"591\" class=\"elementor elementor-591\">\n\t\t\t\t\t\t<section class=\"elementor-section elementor-top-section elementor-element elementor-element-644cca8 elementor-section-boxed elementor-section-height-default elementor-section-height-default\" data-id=\"644cca8\" data-element_type=\"section\" data-e-type=\"section\">\n\t\t\t\t\t\t<div class=\"elementor-container elementor-column-gap-default\">\n\t\t\t\t\t<div class=\"elementor-column elementor-col-100 elementor-top-column elementor-element elementor-element-493f8b8\" data-id=\"493f8b8\" data-element_type=\"column\" data-e-type=\"column\">\n\t\t\t<div class=\"elementor-widget-wrap elementor-element-populated\">\n\t\t\t\t\t\t<div class=\"elementor-element elementor-element-f45cf3b elementor-widget elementor-widget-spacer\" data-id=\"f45cf3b\" data-element_type=\"widget\" data-e-type=\"widget\" data-widget_type=\"spacer.default\">\n\t\t\t\t<div class=\"elementor-widget-container\">\n\t\t\t\t\t\t\t<div class=\"elementor-spacer\">\n\t\t\t<div class=\"elementor-spacer-inner\"><\/div>\n\t\t<\/div>\n\t\t\t\t\t\t<\/div>\n\t\t\t\t<\/div>\n\t\t\t\t\t<\/div>\n\t\t<\/div>\n\t\t\t\t\t<\/div>\n\t\t<\/section>\n\t\t\t\t<section class=\"elementor-section elementor-top-section elementor-element elementor-element-1d8a4f4 elementor-section-full_width elementor-section-height-default elementor-section-height-default\" data-id=\"1d8a4f4\" data-element_type=\"section\" data-e-type=\"section\">\n\t\t\t\t\t\t<div class=\"elementor-container elementor-column-gap-no\">\n\t\t\t\t\t<div class=\"elementor-column elementor-col-100 elementor-top-column elementor-element elementor-element-13178bf\" data-id=\"13178bf\" data-element_type=\"column\" data-e-type=\"column\">\n\t\t\t<div class=\"elementor-widget-wrap\">\n\t\t\t\t\t\t\t<\/div>\n\t\t<\/div>\n\t\t\t\t\t<\/div>\n\t\t<\/section>\n\t\t\t\t<section class=\"elementor-section elementor-top-section elementor-element elementor-element-4142527 elementor-section-boxed elementor-section-height-default elementor-section-height-default\" data-id=\"4142527\" data-element_type=\"section\" data-e-type=\"section\">\n\t\t\t\t\t\t<div class=\"elementor-container elementor-column-gap-default\">\n\t\t\t\t\t<div class=\"elementor-column elementor-col-100 elementor-top-column elementor-element elementor-element-2a03a84\" data-id=\"2a03a84\" data-element_type=\"column\" data-e-type=\"column\">\n\t\t\t<div class=\"elementor-widget-wrap elementor-element-populated\">\n\t\t\t\t\t\t<div class=\"elementor-element elementor-element-eaeeb47 elementor-widget elementor-widget-spacer\" data-id=\"eaeeb47\" data-element_type=\"widget\" data-e-type=\"widget\" data-widget_type=\"spacer.default\">\n\t\t\t\t<div class=\"elementor-widget-container\">\n\t\t\t\t\t\t\t<div class=\"elementor-spacer\">\n\t\t\t<div class=\"elementor-spacer-inner\"><\/div>\n\t\t<\/div>\n\t\t\t\t\t\t<\/div>\n\t\t\t\t<\/div>\n\t\t\t\t\t<\/div>\n\t\t<\/div>\n\t\t\t\t\t<\/div>\n\t\t<\/section>\n\t\t\t\t<section class=\"elementor-section elementor-top-section elementor-element elementor-element-f54ee26 elementor-section-boxed elementor-section-height-default elementor-section-height-default\" data-id=\"f54ee26\" data-element_type=\"section\" data-e-type=\"section\">\n\t\t\t\t\t\t<div class=\"elementor-container elementor-column-gap-default\">\n\t\t\t\t\t<div class=\"elementor-column elementor-col-100 elementor-top-column elementor-element elementor-element-111caad\" data-id=\"111caad\" data-element_type=\"column\" data-e-type=\"column\">\n\t\t\t<div class=\"elementor-widget-wrap elementor-element-populated\">\n\t\t\t\t\t\t<div class=\"elementor-element elementor-element-74ef161 elementor-grid-2 elementor-grid-tablet-2 elementor-grid-mobile-1 elementor-posts--thumbnail-top elementor-card-shadow-yes elementor-posts__hover-gradient elementor-widget elementor-widget-posts\" data-id=\"74ef161\" data-element_type=\"widget\" data-e-type=\"widget\" data-settings=\"{&quot;cards_columns&quot;:&quot;2&quot;,&quot;cards_columns_tablet&quot;:&quot;2&quot;,&quot;cards_columns_mobile&quot;:&quot;1&quot;,&quot;cards_row_gap&quot;:{&quot;unit&quot;:&quot;px&quot;,&quot;size&quot;:35,&quot;sizes&quot;:[]},&quot;cards_row_gap_tablet&quot;:{&quot;unit&quot;:&quot;px&quot;,&quot;size&quot;:&quot;&quot;,&quot;sizes&quot;:[]},&quot;cards_row_gap_mobile&quot;:{&quot;unit&quot;:&quot;px&quot;,&quot;size&quot;:&quot;&quot;,&quot;sizes&quot;:[]}}\" data-widget_type=\"posts.cards\">\n\t\t\t\t<div class=\"elementor-widget-container\">\n\t\t\t\t\t\t\t<div class=\"elementor-posts-container elementor-posts elementor-posts--skin-cards elementor-grid\">\n\t\t\t\t<article class=\"elementor-post elementor-grid-item post-618 post type-post status-publish format-standard has-post-thumbnail hentry category-renginiai entry\">\n\t\t\t<div class=\"elementor-post__card\">\n\t\t\t\t<a class=\"elementor-post__thumbnail__link\" href=\"https:\/\/www.mylovecorfu.lt\/index.php\/2022\/01\/25\/jogos-ir-rasymo-meditacijos-atostogos\/\" ><div class=\"elementor-post__thumbnail\"><img fetchpriority=\"high\" decoding=\"async\" width=\"300\" height=\"225\" src=\"https:\/\/www.mylovecorfu.lt\/wp-content\/uploads\/2022\/01\/MiConv.com__photo-1532798442725-41036acc7489-300x225.jpg\" class=\"attachment-medium size-medium wp-image-620\" alt=\"\" srcset=\"https:\/\/www.mylovecorfu.lt\/wp-content\/uploads\/2022\/01\/MiConv.com__photo-1532798442725-41036acc7489-300x225.jpg 300w, https:\/\/www.mylovecorfu.lt\/wp-content\/uploads\/2022\/01\/MiConv.com__photo-1532798442725-41036acc7489-1024x768.jpg 1024w, https:\/\/www.mylovecorfu.lt\/wp-content\/uploads\/2022\/01\/MiConv.com__photo-1532798442725-41036acc7489-768x576.jpg 768w, https:\/\/www.mylovecorfu.lt\/wp-content\/uploads\/2022\/01\/MiConv.com__photo-1532798442725-41036acc7489.jpg 1366w\" sizes=\"(max-width: 300px) 100vw, 300px\" style=\"width:100%;height:75.04%;max-width:1366px;\" \/><\/div><\/a>\n\t\t\t\t<div class=\"elementor-post__badge\">Renginiai<\/div>\n\t\t\t\t<div class=\"elementor-post__text\">\n\t\t\t\t<h3 class=\"elementor-post__title\">\n\t\t\t<a href=\"https:\/\/www.mylovecorfu.lt\/index.php\/2022\/01\/25\/jogos-ir-rasymo-meditacijos-atostogos\/\" >\n\t\t\t\tJogos ir ra\u0161ymo meditacijos atostogos\t\t\t<\/a>\n\t\t<\/h3>\n\t\t\t\t<div class=\"elementor-post__excerpt\">\n\t\t\t<p>Jogos ir ra\u0161ymo meditacijos atostogos dievi\u0161koje Korfu saloje su jogos mokytoja, \u017eurnaliste Eva Tombak. Laisvalaikiu &#8211; salos nar\u0161ymas su mumis<\/p>\n\t\t<\/div>\n\t\t\n\t\t<a class=\"elementor-post__read-more\" href=\"https:\/\/www.mylovecorfu.lt\/index.php\/2022\/01\/25\/jogos-ir-rasymo-meditacijos-atostogos\/\" >\n\t\t\tPla\u010diau\t\t<\/a>\n\n\t\t\t\t<\/div>\n\t\t\t\t\t<\/div>\n\t\t<\/article>\n\t\t\t\t<article class=\"elementor-post elementor-grid-item post-604 post type-post status-publish format-standard has-post-thumbnail hentry category-renginiai entry\">\n\t\t\t<div class=\"elementor-post__card\">\n\t\t\t\t<a class=\"elementor-post__thumbnail__link\" href=\"https:\/\/www.mylovecorfu.lt\/index.php\/2022\/01\/25\/jogos-stovykla\/\" ><div class=\"elementor-post__thumbnail\"><img decoding=\"async\" width=\"300\" height=\"225\" src=\"https:\/\/www.mylovecorfu.lt\/wp-content\/uploads\/2022\/01\/img-Aq28QBgQMltKww73-300x225.jpg\" class=\"attachment-medium size-medium wp-image-606\" alt=\"\" srcset=\"https:\/\/www.mylovecorfu.lt\/wp-content\/uploads\/2022\/01\/img-Aq28QBgQMltKww73-300x225.jpg 300w, https:\/\/www.mylovecorfu.lt\/wp-content\/uploads\/2022\/01\/img-Aq28QBgQMltKww73-768x576.jpg 768w, https:\/\/www.mylovecorfu.lt\/wp-content\/uploads\/2022\/01\/img-Aq28QBgQMltKww73.jpg 960w\" sizes=\"(max-width: 300px) 100vw, 300px\" style=\"width:100%;height:75%;max-width:960px;\" \/><\/div><\/a>\n\t\t\t\t<div class=\"elementor-post__badge\">Renginiai<\/div>\n\t\t\t\t<div class=\"elementor-post__text\">\n\t\t\t\t<h3 class=\"elementor-post__title\">\n\t\t\t<a href=\"https:\/\/www.mylovecorfu.lt\/index.php\/2022\/01\/25\/jogos-stovykla\/\" >\n\t\t\t\tJogos stovykla\t\t\t<\/a>\n\t\t<\/h3>\n\t\t\t\t<div class=\"elementor-post__excerpt\">\n\t\t\t<p>Can I give no idea of this Paradise island to others?\u201d, &#8211; famous painter and poet Edward Lear wrote in his diary in 1866. <\/p>\n\t\t<\/div>\n\t\t\n\t\t<a class=\"elementor-post__read-more\" href=\"https:\/\/www.mylovecorfu.lt\/index.php\/2022\/01\/25\/jogos-stovykla\/\" >\n\t\t\tPla\u010diau\t\t<\/a>\n\n\t\t\t\t<\/div>\n\t\t\t\t\t<\/div>\n\t\t<\/article>\n\t\t\t\t<\/div>\n\t\t\n\t\t\t\t\t\t<\/div>\n\t\t\t\t<\/div>\n\t\t\t\t\t<\/div>\n\t\t<\/div>\n\t\t\t\t\t<\/div>\n\t\t<\/section>\n\t\t\t\t<section class=\"elementor-section elementor-top-section elementor-element elementor-element-4772294 elementor-section-boxed elementor-section-height-default elementor-section-height-default\" data-id=\"4772294\" data-element_type=\"section\" data-e-type=\"section\">\n\t\t\t\t\t\t<div class=\"elementor-container elementor-column-gap-default\">\n\t\t\t\t\t<div class=\"elementor-column elementor-col-100 elementor-top-column elementor-element elementor-element-3bc4b2d\" data-id=\"3bc4b2d\" data-element_type=\"column\" data-e-type=\"column\">\n\t\t\t<div class=\"elementor-widget-wrap elementor-element-populated\">\n\t\t\t\t\t\t<div class=\"elementor-element elementor-element-74d6b6b elementor-widget elementor-widget-spacer\" data-id=\"74d6b6b\" data-element_type=\"widget\" data-e-type=\"widget\" data-widget_type=\"spacer.default\">\n\t\t\t\t<div class=\"elementor-widget-container\">\n\t\t\t\t\t\t\t<div class=\"elementor-spacer\">\n\t\t\t<div class=\"elementor-spacer-inner\"><\/div>\n\t\t<\/div>\n\t\t\t\t\t\t<\/div>\n\t\t\t\t<\/div>\n\t\t\t\t\t<\/div>\n\t\t<\/div>\n\t\t\t\t\t<\/div>\n\t\t<\/section>\n\t\t\t\t<\/div>\n\t\t","protected":false},"excerpt":{"rendered":"","protected":false},"author":1,"featured_media":0,"parent":0,"menu_order":0,"comment_status":"closed","ping_status":"closed","template":"elementor_header_footer","meta":{"om_disable_all_campaigns":false,"_monsterinsights_skip_tracking":false,"_monsterinsights_sitenote_active":false,"_monsterinsights_sitenote_note":"","_monsterinsights_sitenote_category":0,"footnotes":""},"class_list":["post-591","page","type-page","status-publish","hentry","entry"],"aioseo_notices":[],"_links":{"self":[{"href":"https:\/\/www.mylovecorfu.lt\/index.php\/wp-json\/wp\/v2\/pages\/591","targetHints":{"allow":["GET"]}}],"collection":[{"href":"https:\/\/www.mylovecorfu.lt\/index.php\/wp-json\/wp\/v2\/pages"}],"about":[{"href":"https:\/\/www.mylovecorfu.lt\/index.php\/wp-json\/wp\/v2\/types\/page"}],"author":[{"embeddable":true,"href":"https:\/\/www.mylovecorfu.lt\/index.php\/wp-json\/wp\/v2\/users\/1"}],"replies":[{"embeddable":true,"href":"https:\/\/www.mylovecorfu.lt\/index.php\/wp-json\/wp\/v2\/comments?post=591"}],"version-history":[{"count":22,"href":"https:\/\/www.mylovecorfu.lt\/index.php\/wp-json\/wp\/v2\/pages\/591\/revisions"}],"predecessor-version":[{"id":2056,"href":"https:\/\/www.mylovecorfu.lt\/index.php\/wp-json\/wp\/v2\/pages\/591\/revisions\/2056"}],"wp:attachment":[{"href":"https:\/\/www.mylovecorfu.lt\/index.php\/wp-json\/wp\/v2\/media?parent=591"}],"curies":[{"name":"wp","href":"https:\/\/api.w.org\/{rel}","templated":true}]}}